{"id":5959,"date":"2023-11-30T16:40:58","date_gmt":"2023-11-30T16:40:58","guid":{"rendered":"https:\/\/serviceagricoleguillet.com\/?post_type=product&#038;p=5959"},"modified":"2023-11-30T16:40:58","modified_gmt":"2023-11-30T16:40:58","slug":"aire-de-hal09-9-del-strobe-banalise-12-24v-amber","status":"publish","type":"product","link":"https:\/\/serviceagricoleguillet.com\/en\/produit\/aire-de-hal09-9-del-strobe-banalise-12-24v-amber\/","title":{"rendered":"AIRE DE HAL09 - 9 DEL STROBE BANALIS\u00c9 \/ 12-24V - AMBER"},"content":{"rendered":"<p>Le HAL09MC \u00e0 \u00e9t\u00e9 con\u00e7u pour \u00eatre install\u00e9 \u00e0 l\u2019int\u00e9rieur du compartiment ou sont log\u00e9s les phares du v\u00e9hicule. Cet ensemble \u00e0 deux t\u00eates est beaucoup plus efficace et fiable que les anciens mod\u00e8les de lamp es stroboscopiques.<br \/>\nIls peuvent \u00e9galement \u00eatre install\u00e9 en surface du v\u00e9hicule lorsque commander avec le contour noir, blanc ou chrome.<br \/>\nSa conception r\u00e9pond aux normes SAE J845 Class I.<br \/>\nFONCTIONNALIT\u00c9S<\/p>\n<p>Voltage d\u2019entr\u00e9e : 12 \u00e0 24Vdc<br \/>\n19 s\u00e9quences de clignotements<br \/>\nDEL \u00e0 haute intensit\u00e9 (9 DEL de 1 Watt par t\u00eate)<br \/>\nDEL \u00e0 dur\u00e9e de vie de 100 000 heures<br \/>\nV\u00e9ritable 360\u00b0 flux lumineux avec module DEL \u00e0 trois c\u00f4t\u00e9s<br \/>\nM\u00e9moire non volatile ce rappelle la derni\u00e8re s\u00e9quence utilis\u00e9 \u00e0 la mise sous tension<br \/>\nConception r\u00e9sistante aux intemp\u00e9ries et aux vibrations. Pour usage interne ou extern<br \/>\ne Contour noir, blanc et chrome disponible pour correspondre \u00e0 la couleur du v\u00e9hicule (installation en surface)<br \/>\nProtection contre l\u2019inversion de polarit\u00e9<br \/>\nPlusieurs unit\u00e9s peuvent \u00eatre synchronis\u00e9es simultan\u00e9men<br \/>\nt Couleur disponible : Rouge, Bleu, Ambre, Blanc, Rouge\/Bleu<\/p>\n","protected":false},"excerpt":{"rendered":"<p>Le HAL09MC \u00e0 \u00e9t\u00e9 con\u00e7u pour \u00eatre install\u00e9 \u00e0 l\u2019int\u00e9rieur du compartiment ou sont log\u00e9s les phares du v\u00e9hicule. Cet ensemble \u00e0 deux t\u00eates est beaucoup plus efficace et fiable que les anciens mod\u00e8les de lamp es stroboscopiques. Ils peuvent \u00e9galement \u00eatre install\u00e9 en surface du v\u00e9hicule lorsque commander avec le contour noir, blanc ou [&hellip;]<\/p>\n","protected":false},"featured_media":5964,"template":"","meta":{"_acf_changed":false,"_seopress_robots_primary_cat":"","_seopress_titles_title":"","_seopress_titles_desc":"","_seopress_robots_index":""},"product_brand":[],"product_cat":[48],"product_tag":[],"class_list":{"0":"post-5959","1":"product","2":"type-product","3":"status-publish","4":"has-post-thumbnail","6":"product_cat-eclairage","8":"first","9":"instock","10":"taxable","11":"shipping-taxable","12":"product-type-simple"},"acf":[],"_links":{"self":[{"href":"https:\/\/serviceagricoleguillet.com\/en\/wp-json\/wp\/v2\/product\/5959","targetHints":{"allow":["GET"]}}],"collection":[{"href":"https:\/\/serviceagricoleguillet.com\/en\/wp-json\/wp\/v2\/product"}],"about":[{"href":"https:\/\/serviceagricoleguillet.com\/en\/wp-json\/wp\/v2\/types\/product"}],"wp:featuredmedia":[{"embeddable":true,"href":"https:\/\/serviceagricoleguillet.com\/en\/wp-json\/wp\/v2\/media\/5964"}],"wp:attachment":[{"href":"https:\/\/serviceagricoleguillet.com\/en\/wp-json\/wp\/v2\/media?parent=5959"}],"wp:term":[{"taxonomy":"product_brand","embeddable":true,"href":"https:\/\/serviceagricoleguillet.com\/en\/wp-json\/wp\/v2\/product_brand?post=5959"},{"taxonomy":"product_cat","embeddable":true,"href":"https:\/\/serviceagricoleguillet.com\/en\/wp-json\/wp\/v2\/product_cat?post=5959"},{"taxonomy":"product_tag","embeddable":true,"href":"https:\/\/serviceagricoleguillet.com\/en\/wp-json\/wp\/v2\/product_tag?post=5959"}],"curies":[{"name":"wp","href":"https:\/\/api.w.org\/{rel}","templated":true}]}}