{"id":5779,"date":"2023-11-30T15:57:08","date_gmt":"2023-11-30T15:57:08","guid":{"rendered":"https:\/\/serviceagricoleguillet.com\/?post_type=product&#038;p=5779"},"modified":"2023-11-30T15:57:09","modified_gmt":"2023-11-30T15:57:09","slug":"phare-del-par36-hi-lo-18w-1440lm-4-5","status":"publish","type":"product","link":"https:\/\/serviceagricoleguillet.com\/en\/produit\/phare-del-par36-hi-lo-18w-1440lm-4-5\/","title":{"rendered":"PHARE DEL PAR36 (HI \/ LO) 18W - 1440LM - 4.5''"},"content":{"rendered":"<ul>\n<li>Enti\u00e8rement \u00e9tanche et r\u00e9sistant \u00e0 la vibration, le phare de conduite 64172ZMC est id\u00e9al pour les utilisateurs de machineries qui souhaitent changer leurs phares PAR 36 Halog\u00e8ne pour du DEL.<\/li>\n<li>d\u00e9al pour des applications telles que : Agriculture et Excavation.<\/li>\n<\/ul>\n<p>FONCTIONNALIT\u00c9S<\/p>\n<ul>\n<li>Faisceau Double (Large et \u00e9troit) \/ (haute et Basse)<\/li>\n<li>Entr\u00e9e voltage : 12 \u00e0 24Vdc<\/li>\n<li>1440 lumens<\/li>\n<li>3 DEL de 3 Watts (Basse)<\/li>\n<li>3 DEL de 3 Watts (Haute)<\/li>\n<li>DEL de Type CREE<\/li>\n<li>DEL \u00e0 dur\u00e9e de vie de 30 000 heures<\/li>\n<li>Conception en alliage d'aluminium et lentille en polycarbonate. Temp\u00e9rature de couleur : 6000K<\/li>\n<li>R\u00e9sistant \u00e0 l\u2019eau et aux intemp\u00e9ries<\/li>\n<li>Certification IP67<\/li>\n<\/ul>\n","protected":false},"excerpt":{"rendered":"<p>Enti\u00e8rement \u00e9tanche et r\u00e9sistant \u00e0 la vibration, le phare de conduite 64172ZMC est id\u00e9al pour les utilisateurs de machineries qui souhaitent changer leurs phares PAR 36 Halog\u00e8ne pour du DEL. d\u00e9al pour des applications telles que : Agriculture et Excavation. FONCTIONNALIT\u00c9S Faisceau Double (Large et \u00e9troit) \/ (haute et Basse) Entr\u00e9e voltage : 12 \u00e0 [&hellip;]<\/p>\n","protected":false},"featured_media":5782,"template":"","meta":{"_acf_changed":false,"_seopress_robots_primary_cat":"","_seopress_titles_title":"","_seopress_titles_desc":"","_seopress_robots_index":""},"product_brand":[],"product_cat":[48],"product_tag":[],"class_list":{"0":"post-5779","1":"product","2":"type-product","3":"status-publish","4":"has-post-thumbnail","6":"product_cat-eclairage","8":"first","9":"instock","10":"taxable","11":"shipping-taxable","12":"product-type-simple"},"acf":[],"_links":{"self":[{"href":"https:\/\/serviceagricoleguillet.com\/en\/wp-json\/wp\/v2\/product\/5779","targetHints":{"allow":["GET"]}}],"collection":[{"href":"https:\/\/serviceagricoleguillet.com\/en\/wp-json\/wp\/v2\/product"}],"about":[{"href":"https:\/\/serviceagricoleguillet.com\/en\/wp-json\/wp\/v2\/types\/product"}],"wp:featuredmedia":[{"embeddable":true,"href":"https:\/\/serviceagricoleguillet.com\/en\/wp-json\/wp\/v2\/media\/5782"}],"wp:attachment":[{"href":"https:\/\/serviceagricoleguillet.com\/en\/wp-json\/wp\/v2\/media?parent=5779"}],"wp:term":[{"taxonomy":"product_brand","embeddable":true,"href":"https:\/\/serviceagricoleguillet.com\/en\/wp-json\/wp\/v2\/product_brand?post=5779"},{"taxonomy":"product_cat","embeddable":true,"href":"https:\/\/serviceagricoleguillet.com\/en\/wp-json\/wp\/v2\/product_cat?post=5779"},{"taxonomy":"product_tag","embeddable":true,"href":"https:\/\/serviceagricoleguillet.com\/en\/wp-json\/wp\/v2\/product_tag?post=5779"}],"curies":[{"name":"wp","href":"https:\/\/api.w.org\/{rel}","templated":true}]}}