{"id":5731,"date":"2023-11-30T14:06:31","date_gmt":"2023-11-30T14:06:31","guid":{"rendered":"https:\/\/serviceagricoleguillet.com\/?post_type=product&#038;p=5731"},"modified":"2023-11-30T14:06:31","modified_gmt":"2023-11-30T14:06:31","slug":"barre-declairage-economique-30-13-200-lumen-a-faisceau-large-et-spot","status":"publish","type":"product","link":"https:\/\/serviceagricoleguillet.com\/en\/produit\/barre-declairage-economique-30-13-200-lumen-a-faisceau-large-et-spot\/","title":{"rendered":"Barre D'\u00c9clairage \u00c9conomique 30'' 13 200 Lumen \u00c0 Faisceau Large Et Spot"},"content":{"rendered":"<p>Assembl\u00e9e Dans Un Boitier En Aluminium Moul\u00e9, La BarreD\u2019\u00c9clairage 67001Z Est Enti\u00e8rement \u00c9tanche Et R\u00e9sistante \u00c0 La Vibration.Ce Mod\u00e8le Est Id\u00e9ale Pour Les Installations Sur LesV\u00e9hicules De Loisir. Le Bo\u00eetier Est L\u00e9g\u00e8rement Courb\u00e9 Pour Offrir Un \u00c9clairage Plus Large.<\/p>\n","protected":false},"excerpt":{"rendered":"<p>Assembl\u00e9e Dans Un Boitier En Aluminium Moul\u00e9, La BarreD\u2019\u00c9clairage 67001Z Est Enti\u00e8rement \u00c9tanche Et R\u00e9sistante \u00c0 La Vibration.Ce Mod\u00e8le Est Id\u00e9ale Pour Les Installations Sur LesV\u00e9hicules De Loisir. Le Bo\u00eetier Est L\u00e9g\u00e8rement Courb\u00e9 Pour Offrir Un \u00c9clairage Plus Large.<\/p>\n","protected":false},"featured_media":5734,"template":"","meta":{"_acf_changed":false,"_seopress_robots_primary_cat":"","_seopress_titles_title":"","_seopress_titles_desc":"","_seopress_robots_index":""},"product_brand":[],"product_cat":[48],"product_tag":[],"class_list":{"0":"post-5731","1":"product","2":"type-product","3":"status-publish","4":"has-post-thumbnail","6":"product_cat-eclairage","8":"first","9":"instock","10":"taxable","11":"shipping-taxable","12":"product-type-simple"},"acf":[],"_links":{"self":[{"href":"https:\/\/serviceagricoleguillet.com\/en\/wp-json\/wp\/v2\/product\/5731","targetHints":{"allow":["GET"]}}],"collection":[{"href":"https:\/\/serviceagricoleguillet.com\/en\/wp-json\/wp\/v2\/product"}],"about":[{"href":"https:\/\/serviceagricoleguillet.com\/en\/wp-json\/wp\/v2\/types\/product"}],"wp:featuredmedia":[{"embeddable":true,"href":"https:\/\/serviceagricoleguillet.com\/en\/wp-json\/wp\/v2\/media\/5734"}],"wp:attachment":[{"href":"https:\/\/serviceagricoleguillet.com\/en\/wp-json\/wp\/v2\/media?parent=5731"}],"wp:term":[{"taxonomy":"product_brand","embeddable":true,"href":"https:\/\/serviceagricoleguillet.com\/en\/wp-json\/wp\/v2\/product_brand?post=5731"},{"taxonomy":"product_cat","embeddable":true,"href":"https:\/\/serviceagricoleguillet.com\/en\/wp-json\/wp\/v2\/product_cat?post=5731"},{"taxonomy":"product_tag","embeddable":true,"href":"https:\/\/serviceagricoleguillet.com\/en\/wp-json\/wp\/v2\/product_tag?post=5731"}],"curies":[{"name":"wp","href":"https:\/\/api.w.org\/{rel}","templated":true}]}}