{"id":5651,"date":"2023-11-29T21:40:22","date_gmt":"2023-11-29T21:40:22","guid":{"rendered":"https:\/\/serviceagricoleguillet.com\/?post_type=product&#038;p=5651"},"modified":"2023-11-29T21:40:23","modified_gmt":"2023-11-29T21:40:23","slug":"ensemble-dampoules-de-conversion-del-9006-6000k","status":"publish","type":"product","link":"https:\/\/serviceagricoleguillet.com\/en\/produit\/ensemble-dampoules-de-conversion-del-9006-6000k\/","title":{"rendered":"ENSEMBLE D\u2019AMPOULES DE CONVERSION DEL 9006 \u2013 6000K"},"content":{"rendered":"<ul>\n<li>Fabriqu\u00e9 en aluminium moul\u00e9 sous pression, les phares de conversion DEL pour automobile sont r\u00e9sistant aux intemp\u00e9ries et aux vibrations.<\/li>\n<li>Ce produit est id\u00e9al pour les propri\u00e9taires de voitures souhaitant ajouter des phares de routes puissant seulement en rempla\u00e7ant les phares d\u2019origine. Le rendement est de loin sup\u00e9rieur aux phares halog\u00e8ne et r\u00e9pond aux normes E-Mark et SAE DOT.<\/li>\n<\/ul>\n<p>FONCTIONNALIT\u00c9S<\/p>\n<ul>\n<li>Voltage d\u2019entr\u00e9e : 9 \u00e0 18Vdc (9 \u00e0 32Vdc pour le H4)<\/li>\n<li>4000 \u00e0 to 5000 lumen par phare<\/li>\n<li>Puce DEL CSP<\/li>\n<li>Temp\u00e9rature de couleur : 6000K<\/li>\n<li>Compatible Can-Bus<\/li>\n<li>Conforme aux normes : RoHS, CE<\/li>\n<\/ul>\n","protected":false},"excerpt":{"rendered":"<p>Fabriqu\u00e9 en aluminium moul\u00e9 sous pression, les phares de conversion DEL pour automobile sont r\u00e9sistant aux intemp\u00e9ries et aux vibrations. Ce produit est id\u00e9al pour les propri\u00e9taires de voitures souhaitant ajouter des phares de routes puissant seulement en rempla\u00e7ant les phares d\u2019origine. Le rendement est de loin sup\u00e9rieur aux phares halog\u00e8ne et r\u00e9pond aux normes [&hellip;]<\/p>\n","protected":false},"featured_media":5654,"template":"","meta":{"_acf_changed":false,"_seopress_robots_primary_cat":"","_seopress_titles_title":"","_seopress_titles_desc":"","_seopress_robots_index":""},"product_brand":[],"product_cat":[48],"product_tag":[],"class_list":{"0":"post-5651","1":"product","2":"type-product","3":"status-publish","4":"has-post-thumbnail","6":"product_cat-eclairage","8":"first","9":"instock","10":"taxable","11":"shipping-taxable","12":"product-type-simple"},"acf":[],"_links":{"self":[{"href":"https:\/\/serviceagricoleguillet.com\/en\/wp-json\/wp\/v2\/product\/5651","targetHints":{"allow":["GET"]}}],"collection":[{"href":"https:\/\/serviceagricoleguillet.com\/en\/wp-json\/wp\/v2\/product"}],"about":[{"href":"https:\/\/serviceagricoleguillet.com\/en\/wp-json\/wp\/v2\/types\/product"}],"wp:featuredmedia":[{"embeddable":true,"href":"https:\/\/serviceagricoleguillet.com\/en\/wp-json\/wp\/v2\/media\/5654"}],"wp:attachment":[{"href":"https:\/\/serviceagricoleguillet.com\/en\/wp-json\/wp\/v2\/media?parent=5651"}],"wp:term":[{"taxonomy":"product_brand","embeddable":true,"href":"https:\/\/serviceagricoleguillet.com\/en\/wp-json\/wp\/v2\/product_brand?post=5651"},{"taxonomy":"product_cat","embeddable":true,"href":"https:\/\/serviceagricoleguillet.com\/en\/wp-json\/wp\/v2\/product_cat?post=5651"},{"taxonomy":"product_tag","embeddable":true,"href":"https:\/\/serviceagricoleguillet.com\/en\/wp-json\/wp\/v2\/product_tag?post=5651"}],"curies":[{"name":"wp","href":"https:\/\/api.w.org\/{rel}","templated":true}]}}